{"id":914,"date":"2014-12-08T11:53:01","date_gmt":"2014-12-08T11:53:01","guid":{"rendered":"http:\/\/www.musicosalimonda.com.br\/?page_id=914"},"modified":"2021-10-09T12:46:21","modified_gmt":"2021-10-09T14:46:21","slug":"contato","status":"publish","type":"page","link":"https:\/\/www.musicosalimonda.com.br\/?page_id=914","title":{"rendered":"CONTATO"},"content":{"rendered":"<p>Para mais informa\u00e7\u00f5es, entre em contato conosco pelo Facebook @musicosalimonda . O formul\u00e1rio de contato est\u00e1 desativado.<\/p>\n[contact-form-7 404 \"N\u00e3o encontrado\"]\n","protected":false},"excerpt":{"rendered":"<p>Para mais informa\u00e7\u00f5es, entre em contato conosco pelo Facebook @musicosalimonda . O formul\u00e1rio de contato est\u00e1 desativado.<\/p>\n","protected":false},"author":1,"featured_media":0,"parent":0,"menu_order":0,"comment_status":"closed","ping_status":"closed","template":"","meta":[],"_links":{"self":[{"href":"https:\/\/www.musicosalimonda.com.br\/index.php?rest_route=\/wp\/v2\/pages\/914"}],"collection":[{"href":"https:\/\/www.musicosalimonda.com.br\/index.php?rest_route=\/wp\/v2\/pages"}],"about":[{"href":"https:\/\/www.musicosalimonda.com.br\/index.php?rest_route=\/wp\/v2\/types\/page"}],"author":[{"embeddable":true,"href":"https:\/\/www.musicosalimonda.com.br\/index.php?rest_route=\/wp\/v2\/users\/1"}],"replies":[{"embeddable":true,"href":"https:\/\/www.musicosalimonda.com.br\/index.php?rest_route=%2Fwp%2Fv2%2Fcomments&post=914"}],"version-history":[{"count":10,"href":"https:\/\/www.musicosalimonda.com.br\/index.php?rest_route=\/wp\/v2\/pages\/914\/revisions"}],"predecessor-version":[{"id":1005,"href":"https:\/\/www.musicosalimonda.com.br\/index.php?rest_route=\/wp\/v2\/pages\/914\/revisions\/1005"}],"wp:attachment":[{"href":"https:\/\/www.musicosalimonda.com.br\/index.php?rest_route=%2Fwp%2Fv2%2Fmedia&parent=914"}],"curies":[{"name":"wp","href":"https:\/\/api.w.org\/{rel}","templated":true}]}}