{"id":12,"date":"2014-01-31T12:35:02","date_gmt":"2014-01-31T12:35:02","guid":{"rendered":"http:\/\/www.musicosalimonda.com.br\/?page_id=12"},"modified":"2022-12-04T23:10:16","modified_gmt":"2022-12-05T01:10:16","slug":"heitor-alimonda","status":"publish","type":"page","link":"https:\/\/www.musicosalimonda.com.br\/?page_id=12","title":{"rendered":"HEITOR ALIMONDA"},"content":{"rendered":"<h3><a href=\"http:\/\/www.musicosalimonda.com.br\/wp-content\/uploads\/2014\/01\/heitor_alimonda.jpg\"><img decoding=\"async\" loading=\"lazy\" class=\"alignright wp-image-33 size-thumbnail\" src=\"http:\/\/www.musicosalimonda.com.br\/wp-content\/uploads\/2014\/01\/heitor_alimonda-150x150.jpg\" alt=\"heitor_alimonda\" width=\"150\" height=\"150\" srcset=\"https:\/\/www.musicosalimonda.com.br\/wp-content\/uploads\/2014\/01\/heitor_alimonda-150x150.jpg 150w, https:\/\/www.musicosalimonda.com.br\/wp-content\/uploads\/2014\/01\/heitor_alimonda-298x300.jpg 298w, https:\/\/www.musicosalimonda.com.br\/wp-content\/uploads\/2014\/01\/heitor_alimonda.jpg 450w\" sizes=\"(max-width: 150px) 100vw, 150px\" \/><\/a><\/h3>\n<h3 style=\"text-align: justify;\">Nasceu em oito de dezembro de 1922. Graduado em piano pelo Conservat\u00f3rio Dram\u00e1tico Musical de S\u00e3o Paulo, 1941; Curso Superior de \u00d3rg\u00e3o pela Escola de M\u00fasica da Universidade Federal do Rio de Janeiro, 1977; P\u00f3s-Gradua\u00e7\u00e3o em Metodologia do Ensino do Piano pela Royal Academy of Music de Londres, 1960. Doutor pela Escola de M\u00fasica da UFRJ em 1952, onde ocupou a C\u00e1tedra em 1963, exercendo a carreira do magist\u00e9rio desde o ano de 1952. Compositor e concertista de reconhecida compet\u00eancia, al\u00e9m de ser dotado de um extraordin\u00e1rio humor e carisma. Autor de uma s\u00e9rie de obras musicais e da colet\u00e2nea &#8211; O Estudo do Piano: Elementos fundamentais da m\u00fasica e da t\u00e9cnica do piano em dez cadernos, pela Ricordi Brasileira.<\/h3>\n","protected":false},"excerpt":{"rendered":"<p>Nasceu em oito de dezembro de 1922. Graduado em piano pelo Conservat\u00f3rio Dram\u00e1tico Musical de S\u00e3o Paulo, 1941; Curso Superior de \u00d3rg\u00e3o pela Escola de M\u00fasica da Universidade Federal do Rio de Janeiro, 1977; P\u00f3s-Gradua\u00e7\u00e3o em Metodologia do Ensino do Piano pela Royal Academy of Music de Londres, 1960. Doutor pela Escola de M\u00fasica da UFRJ em 1952, onde ocupou &hellip; <a class=\"meta-nav\" href=\"https:\/\/www.musicosalimonda.com.br\/?page_id=12\">Continue reading &rarr;<\/a><\/p>\n","protected":false},"author":1,"featured_media":0,"parent":0,"menu_order":0,"comment_status":"closed","ping_status":"closed","template":"","meta":[],"_links":{"self":[{"href":"https:\/\/www.musicosalimonda.com.br\/index.php?rest_route=\/wp\/v2\/pages\/12"}],"collection":[{"href":"https:\/\/www.musicosalimonda.com.br\/index.php?rest_route=\/wp\/v2\/pages"}],"about":[{"href":"https:\/\/www.musicosalimonda.com.br\/index.php?rest_route=\/wp\/v2\/types\/page"}],"author":[{"embeddable":true,"href":"https:\/\/www.musicosalimonda.com.br\/index.php?rest_route=\/wp\/v2\/users\/1"}],"replies":[{"embeddable":true,"href":"https:\/\/www.musicosalimonda.com.br\/index.php?rest_route=%2Fwp%2Fv2%2Fcomments&post=12"}],"version-history":[{"count":7,"href":"https:\/\/www.musicosalimonda.com.br\/index.php?rest_route=\/wp\/v2\/pages\/12\/revisions"}],"predecessor-version":[{"id":1008,"href":"https:\/\/www.musicosalimonda.com.br\/index.php?rest_route=\/wp\/v2\/pages\/12\/revisions\/1008"}],"wp:attachment":[{"href":"https:\/\/www.musicosalimonda.com.br\/index.php?rest_route=%2Fwp%2Fv2%2Fmedia&parent=12"}],"curies":[{"name":"wp","href":"https:\/\/api.w.org\/{rel}","templated":true}]}}