{"id":485,"date":"2014-06-18T12:00:08","date_gmt":"2014-06-18T12:00:08","guid":{"rendered":"http:\/\/www.musicosalimonda.com.br\/?page_id=485"},"modified":"2014-11-27T12:34:16","modified_gmt":"2014-11-27T12:34:16","slug":"imagens","status":"publish","type":"page","link":"http:\/\/www.musicosalimonda.com.br\/?page_id=485","title":{"rendered":"Imagens"},"content":{"rendered":"<h4 style=\"text-align: center;\"><strong>M\u00fasicos Alimonda<\/strong><\/h4>\n<div id='gallery-1' class='gallery galleryid-485 gallery-columns-4 gallery-size-thumbnail'><dl class='gallery-item'>\n\t\t\t<dt class='gallery-icon landscape'>\n\t\t\t\t<a href='http:\/\/www.musicosalimonda.com.br\/wp-content\/uploads\/2014\/05\/M_ALIMONDA-Altea_Lydia_Ada-NY1946.jpg'><img width=\"150\" height=\"150\" src=\"http:\/\/www.musicosalimonda.com.br\/wp-content\/uploads\/2014\/05\/M_ALIMONDA-Altea_Lydia_Ada-NY1946-150x150.jpg\" class=\"attachment-thumbnail size-thumbnail\" alt=\"Altea_Lydia_Ada-NY1946\" decoding=\"async\" loading=\"lazy\" aria-describedby=\"gallery-1-444\" \/><\/a>\n\t\t\t<\/dt>\n\t\t\t\t<dd class='wp-caption-text gallery-caption' id='gallery-1-444'>\n\t\t\t\tAltea, Lydia, Ada &#8211; NY1946\n\t\t\t\t<\/dd><\/dl><dl class='gallery-item'>\n\t\t\t<dt class='gallery-icon landscape'>\n\t\t\t\t<a href='http:\/\/www.musicosalimonda.com.br\/wp-content\/uploads\/2014\/05\/ALIMONDA-Altea_Lydia_Heitor.jpeg'><img width=\"150\" height=\"150\" src=\"http:\/\/www.musicosalimonda.com.br\/wp-content\/uploads\/2014\/05\/ALIMONDA-Altea_Lydia_Heitor-150x150.jpeg\" class=\"attachment-thumbnail size-thumbnail\" alt=\"\" decoding=\"async\" loading=\"lazy\" aria-describedby=\"gallery-1-446\" \/><\/a>\n\t\t\t<\/dt>\n\t\t\t\t<dd class='wp-caption-text gallery-caption' id='gallery-1-446'>\n\t\t\t\tAltea, Lydia, Heitor\n\t\t\t\t<\/dd><\/dl><dl class='gallery-item'>\n\t\t\t<dt class='gallery-icon landscape'>\n\t\t\t\t<a href='http:\/\/www.musicosalimonda.com.br\/wp-content\/uploads\/2014\/06\/Heitor-e-Lydia.jpg'><img width=\"150\" height=\"150\" src=\"http:\/\/www.musicosalimonda.com.br\/wp-content\/uploads\/2014\/06\/Heitor-e-Lydia-150x150.jpg\" class=\"attachment-thumbnail size-thumbnail\" alt=\"\" decoding=\"async\" loading=\"lazy\" aria-describedby=\"gallery-1-634\" \/><\/a>\n\t\t\t<\/dt>\n\t\t\t\t<dd class='wp-caption-text gallery-caption' id='gallery-1-634'>\n\t\t\t\tHeitor e Lydia\n\t\t\t\t<\/dd><\/dl><dl class='gallery-item'>\n\t\t\t<dt class='gallery-icon landscape'>\n\t\t\t\t<a href='http:\/\/www.musicosalimonda.com.br\/wp-content\/uploads\/2014\/06\/heitor.jpg'><img width=\"150\" height=\"150\" src=\"http:\/\/www.musicosalimonda.com.br\/wp-content\/uploads\/2014\/06\/heitor-150x150.jpg\" class=\"attachment-thumbnail size-thumbnail\" alt=\"\" decoding=\"async\" loading=\"lazy\" aria-describedby=\"gallery-1-635\" \/><\/a>\n\t\t\t<\/dt>\n\t\t\t\t<dd class='wp-caption-text gallery-caption' id='gallery-1-635'>\n\t\t\t\tHeitor e Lydia\n\t\t\t\t<\/dd><\/dl><br style=\"clear: both\" \/><dl class='gallery-item'>\n\t\t\t<dt class='gallery-icon landscape'>\n\t\t\t\t<a href='http:\/\/www.musicosalimonda.com.br\/wp-content\/uploads\/2014\/06\/Lydia-e-Altea-2.jpg'><img width=\"150\" height=\"150\" src=\"http:\/\/www.musicosalimonda.com.br\/wp-content\/uploads\/2014\/06\/Lydia-e-Altea-2-150x150.jpg\" class=\"attachment-thumbnail size-thumbnail\" alt=\"\" decoding=\"async\" loading=\"lazy\" aria-describedby=\"gallery-1-629\" \/><\/a>\n\t\t\t<\/dt>\n\t\t\t\t<dd class='wp-caption-text gallery-caption' id='gallery-1-629'>\n\t\t\t\tAltea e Lydia\n\t\t\t\t<\/dd><\/dl><dl class='gallery-item'>\n\t\t\t<dt class='gallery-icon landscape'>\n\t\t\t\t<a href='http:\/\/www.musicosalimonda.com.br\/wp-content\/uploads\/2014\/06\/Lydia-e-Altea.jpg'><img width=\"150\" height=\"150\" src=\"http:\/\/www.musicosalimonda.com.br\/wp-content\/uploads\/2014\/06\/Lydia-e-Altea-150x150.jpg\" class=\"attachment-thumbnail size-thumbnail\" alt=\"\" decoding=\"async\" loading=\"lazy\" aria-describedby=\"gallery-1-630\" \/><\/a>\n\t\t\t<\/dt>\n\t\t\t\t<dd class='wp-caption-text gallery-caption' id='gallery-1-630'>\n\t\t\t\tAltea e Lydia\n\t\t\t\t<\/dd><\/dl><dl class='gallery-item'>\n\t\t\t<dt class='gallery-icon landscape'>\n\t\t\t\t<a href='http:\/\/www.musicosalimonda.com.br\/wp-content\/uploads\/2014\/01\/ALIMONDA-Heitor_Lydia_Ada_Altea.jpeg'><img width=\"150\" height=\"150\" src=\"http:\/\/www.musicosalimonda.com.br\/wp-content\/uploads\/2014\/01\/ALIMONDA-Heitor_Lydia_Ada_Altea-150x150.jpeg\" class=\"attachment-thumbnail size-thumbnail\" alt=\"\" decoding=\"async\" loading=\"lazy\" aria-describedby=\"gallery-1-404\" \/><\/a>\n\t\t\t<\/dt>\n\t\t\t\t<dd class='wp-caption-text gallery-caption' id='gallery-1-404'>\n\t\t\t\tHeitor, Lydia, Ada e Altea\n\t\t\t\t<\/dd><\/dl><dl class='gallery-item'>\n\t\t\t<dt class='gallery-icon landscape'>\n\t\t\t\t<a href='http:\/\/www.musicosalimonda.com.br\/wp-content\/uploads\/2014\/06\/Trio-Alimonda-1978.jpg'><img width=\"150\" height=\"150\" src=\"http:\/\/www.musicosalimonda.com.br\/wp-content\/uploads\/2014\/06\/Trio-Alimonda-1978-150x150.jpg\" class=\"attachment-thumbnail size-thumbnail\" alt=\"\" decoding=\"async\" loading=\"lazy\" aria-describedby=\"gallery-1-624\" \/><\/a>\n\t\t\t<\/dt>\n\t\t\t\t<dd class='wp-caption-text gallery-caption' id='gallery-1-624'>\n\t\t\t\tTrio Alimonda-1978\n\t\t\t\t<\/dd><\/dl><br style=\"clear: both\" \/><dl class='gallery-item'>\n\t\t\t<dt class='gallery-icon portrait'>\n\t\t\t\t<a href='http:\/\/www.musicosalimonda.com.br\/wp-content\/uploads\/2014\/06\/O-Globo-1975-RJ.jpg'><img width=\"150\" height=\"150\" src=\"http:\/\/www.musicosalimonda.com.br\/wp-content\/uploads\/2014\/06\/O-Globo-1975-RJ-150x150.jpg\" class=\"attachment-thumbnail size-thumbnail\" alt=\"\" decoding=\"async\" loading=\"lazy\" aria-describedby=\"gallery-1-625\" \/><\/a>\n\t\t\t<\/dt>\n\t\t\t\t<dd class='wp-caption-text gallery-caption' id='gallery-1-625'>\n\t\t\t\tO Globo-1975-RJ\n\t\t\t\t<\/dd><\/dl><dl class='gallery-item'>\n\t\t\t<dt class='gallery-icon portrait'>\n\t\t\t\t<a href='http:\/\/www.musicosalimonda.com.br\/wp-content\/uploads\/2014\/06\/O-Globo-1975.jpg'><img width=\"150\" height=\"150\" src=\"http:\/\/www.musicosalimonda.com.br\/wp-content\/uploads\/2014\/06\/O-Globo-1975-150x150.jpg\" class=\"attachment-thumbnail size-thumbnail\" alt=\"\" decoding=\"async\" loading=\"lazy\" aria-describedby=\"gallery-1-626\" \/><\/a>\n\t\t\t<\/dt>\n\t\t\t\t<dd class='wp-caption-text gallery-caption' id='gallery-1-626'>\n\t\t\t\tO Globo-1975\n\t\t\t\t<\/dd><\/dl><dl class='gallery-item'>\n\t\t\t<dt class='gallery-icon landscape'>\n\t\t\t\t<a href='http:\/\/www.musicosalimonda.com.br\/wp-content\/uploads\/2014\/06\/Noite-Schubert.jpg'><img width=\"150\" height=\"150\" src=\"http:\/\/www.musicosalimonda.com.br\/wp-content\/uploads\/2014\/06\/Noite-Schubert-150x150.jpg\" class=\"attachment-thumbnail size-thumbnail\" alt=\"\" decoding=\"async\" loading=\"lazy\" aria-describedby=\"gallery-1-627\" \/><\/a>\n\t\t\t<\/dt>\n\t\t\t\t<dd class='wp-caption-text gallery-caption' id='gallery-1-627'>\n\t\t\t\tNoite Schubert\n\t\t\t\t<\/dd><\/dl><dl class='gallery-item'>\n\t\t\t<dt class='gallery-icon portrait'>\n\t\t\t\t<a href='http:\/\/www.musicosalimonda.com.br\/wp-content\/uploads\/2014\/06\/Movimento-ARS-NOVA-no-TBC.jpg'><img width=\"150\" height=\"150\" src=\"http:\/\/www.musicosalimonda.com.br\/wp-content\/uploads\/2014\/06\/Movimento-ARS-NOVA-no-TBC-150x150.jpg\" class=\"attachment-thumbnail size-thumbnail\" alt=\"\" decoding=\"async\" loading=\"lazy\" aria-describedby=\"gallery-1-628\" \/><\/a>\n\t\t\t<\/dt>\n\t\t\t\t<dd class='wp-caption-text gallery-caption' id='gallery-1-628'>\n\t\t\t\tARS NOVA &#8211; TBC\n\t\t\t\t<\/dd><\/dl><br style=\"clear: both\" \/><dl class='gallery-item'>\n\t\t\t<dt class='gallery-icon portrait'>\n\t\t\t\t<a href='http:\/\/www.musicosalimonda.com.br\/wp-content\/uploads\/2014\/06\/Lydia-Altea-e-Heitor.jpg'><img width=\"150\" height=\"150\" src=\"http:\/\/www.musicosalimonda.com.br\/wp-content\/uploads\/2014\/06\/Lydia-Altea-e-Heitor-150x150.jpg\" class=\"attachment-thumbnail size-thumbnail\" alt=\"\" decoding=\"async\" loading=\"lazy\" aria-describedby=\"gallery-1-631\" \/><\/a>\n\t\t\t<\/dt>\n\t\t\t\t<dd class='wp-caption-text gallery-caption' id='gallery-1-631'>\n\t\t\t\tEdino Krieger, Lydia, Altea e Heitor\n\t\t\t\t<\/dd><\/dl><dl class='gallery-item'>\n\t\t\t<dt class='gallery-icon portrait'>\n\t\t\t\t<a href='http:\/\/www.musicosalimonda.com.br\/wp-content\/uploads\/2014\/06\/Jornal-da-Cidade-Jundia\u00ed1976.jpg'><img width=\"150\" height=\"150\" src=\"http:\/\/www.musicosalimonda.com.br\/wp-content\/uploads\/2014\/06\/Jornal-da-Cidade-Jundia\u00ed1976-150x150.jpg\" class=\"attachment-thumbnail size-thumbnail\" alt=\"\" decoding=\"async\" loading=\"lazy\" aria-describedby=\"gallery-1-632\" \/><\/a>\n\t\t\t<\/dt>\n\t\t\t\t<dd class='wp-caption-text gallery-caption' id='gallery-1-632'>\n\t\t\t\tJornal da Cidade Jundia\u00ed,1976\n\t\t\t\t<\/dd><\/dl><dl class='gallery-item'>\n\t\t\t<dt class='gallery-icon landscape'>\n\t\t\t\t<a href='http:\/\/www.musicosalimonda.com.br\/wp-content\/uploads\/2014\/06\/Escola-de-Musica-UFRJ.jpg'><img width=\"150\" height=\"150\" src=\"http:\/\/www.musicosalimonda.com.br\/wp-content\/uploads\/2014\/06\/Escola-de-Musica-UFRJ-150x150.jpg\" class=\"attachment-thumbnail size-thumbnail\" alt=\"\" decoding=\"async\" loading=\"lazy\" aria-describedby=\"gallery-1-636\" \/><\/a>\n\t\t\t<\/dt>\n\t\t\t\t<dd class='wp-caption-text gallery-caption' id='gallery-1-636'>\n\t\t\t\tEscola de Musica-UFRJ\n\t\t\t\t<\/dd><\/dl><dl class='gallery-item'>\n\t\t\t<dt class='gallery-icon portrait'>\n\t\t\t\t<a href='http:\/\/www.musicosalimonda.com.br\/wp-content\/uploads\/2014\/06\/Duo-Alimonda-Casa-Bento.jpg'><img width=\"150\" height=\"150\" src=\"http:\/\/www.musicosalimonda.com.br\/wp-content\/uploads\/2014\/06\/Duo-Alimonda-Casa-Bento-150x150.jpg\" class=\"attachment-thumbnail size-thumbnail\" alt=\"\" decoding=\"async\" loading=\"lazy\" aria-describedby=\"gallery-1-637\" \/><\/a>\n\t\t\t<\/dt>\n\t\t\t\t<dd class='wp-caption-text gallery-caption' id='gallery-1-637'>\n\t\t\t\tDuo Alimonda &#8211; Casa Bento Loeb\n\t\t\t\t<\/dd><\/dl><br style=\"clear: both\" \/><dl class='gallery-item'>\n\t\t\t<dt class='gallery-icon portrait'>\n\t\t\t\t<a href='http:\/\/www.musicosalimonda.com.br\/wp-content\/uploads\/2014\/06\/Duo-Alimonda.jpg'><img width=\"150\" height=\"150\" src=\"http:\/\/www.musicosalimonda.com.br\/wp-content\/uploads\/2014\/06\/Duo-Alimonda-150x150.jpg\" class=\"attachment-thumbnail size-thumbnail\" alt=\"\" decoding=\"async\" loading=\"lazy\" aria-describedby=\"gallery-1-638\" \/><\/a>\n\t\t\t<\/dt>\n\t\t\t\t<dd class='wp-caption-text gallery-caption' id='gallery-1-638'>\n\t\t\t\tDuo Alimonda\n\t\t\t\t<\/dd><\/dl><dl class='gallery-item'>\n\t\t\t<dt class='gallery-icon landscape'>\n\t\t\t\t<a href='http:\/\/www.musicosalimonda.com.br\/wp-content\/uploads\/2014\/06\/Di\u00e1rio-de-Pernambuco-1975.jpg'><img width=\"150\" height=\"150\" src=\"http:\/\/www.musicosalimonda.com.br\/wp-content\/uploads\/2014\/06\/Di\u00e1rio-de-Pernambuco-1975-150x150.jpg\" class=\"attachment-thumbnail size-thumbnail\" alt=\"\" decoding=\"async\" loading=\"lazy\" aria-describedby=\"gallery-1-639\" \/><\/a>\n\t\t\t<\/dt>\n\t\t\t\t<dd class='wp-caption-text gallery-caption' id='gallery-1-639'>\n\t\t\t\tDi\u00e1rio de Pernambuco-1975\n\t\t\t\t<\/dd><\/dl><dl class='gallery-item'>\n\t\t\t<dt class='gallery-icon portrait'>\n\t\t\t\t<a href='http:\/\/www.musicosalimonda.com.br\/wp-content\/uploads\/2014\/06\/Consulado-Da-Austria.jpg'><img width=\"150\" height=\"150\" src=\"http:\/\/www.musicosalimonda.com.br\/wp-content\/uploads\/2014\/06\/Consulado-Da-Austria-150x150.jpg\" class=\"attachment-thumbnail size-thumbnail\" alt=\"\" decoding=\"async\" loading=\"lazy\" aria-describedby=\"gallery-1-640\" \/><\/a>\n\t\t\t<\/dt>\n\t\t\t\t<dd class='wp-caption-text gallery-caption' id='gallery-1-640'>\n\t\t\t\tConsulado Da Austria\n\t\t\t\t<\/dd><\/dl><dl class='gallery-item'>\n\t\t\t<dt class='gallery-icon portrait'>\n\t\t\t\t<a href='http:\/\/www.musicosalimonda.com.br\/wp-content\/uploads\/2014\/06\/Conservat\u00f3rio-Dram\u00e1tico-e-Musical-de-S\u00e3o-Paulo.jpg'><img width=\"150\" height=\"150\" src=\"http:\/\/www.musicosalimonda.com.br\/wp-content\/uploads\/2014\/06\/Conservat\u00f3rio-Dram\u00e1tico-e-Musical-de-S\u00e3o-Paulo-150x150.jpg\" class=\"attachment-thumbnail size-thumbnail\" alt=\"\" decoding=\"async\" loading=\"lazy\" aria-describedby=\"gallery-1-641\" \/><\/a>\n\t\t\t<\/dt>\n\t\t\t\t<dd class='wp-caption-text gallery-caption' id='gallery-1-641'>\n\t\t\t\tConservat\u00f3rio Dram\u00e1tico e Musical de S\u00e3o Paulo\n\t\t\t\t<\/dd><\/dl><br style=\"clear: both\" \/><dl class='gallery-item'>\n\t\t\t<dt class='gallery-icon portrait'>\n\t\t\t\t<a href='http:\/\/www.musicosalimonda.com.br\/wp-content\/uploads\/2014\/08\/Concerto-Inaugural-I-Concurso-Nordestino-de-Piano-Jos\u00e9-Paulo-Alimonda.jpg'><img width=\"150\" height=\"150\" src=\"http:\/\/www.musicosalimonda.com.br\/wp-content\/uploads\/2014\/08\/Concerto-Inaugural-I-Concurso-Nordestino-de-Piano-Jos\u00e9-Paulo-Alimonda-150x150.jpg\" class=\"attachment-thumbnail size-thumbnail\" alt=\"\" decoding=\"async\" loading=\"lazy\" aria-describedby=\"gallery-1-741\" \/><\/a>\n\t\t\t<\/dt>\n\t\t\t\t<dd class='wp-caption-text gallery-caption' id='gallery-1-741'>\n\t\t\t\tConcerto Inaugural Concurso Nordestino de Piano Jos\u00e9 Paulo Alimonda\n\t\t\t\t<\/dd><\/dl><dl class='gallery-item'>\n\t\t\t<dt class='gallery-icon landscape'>\n\t\t\t\t<a href='http:\/\/www.musicosalimonda.com.br\/wp-content\/uploads\/2014\/08\/digitalizar0001-1.jpg'><img width=\"150\" height=\"150\" src=\"http:\/\/www.musicosalimonda.com.br\/wp-content\/uploads\/2014\/08\/digitalizar0001-1-150x150.jpg\" class=\"attachment-thumbnail size-thumbnail\" alt=\"\" decoding=\"async\" loading=\"lazy\" aria-describedby=\"gallery-1-744\" srcset=\"http:\/\/www.musicosalimonda.com.br\/wp-content\/uploads\/2014\/08\/digitalizar0001-1-150x150.jpg 150w, http:\/\/www.musicosalimonda.com.br\/wp-content\/uploads\/2014\/08\/digitalizar0001-1-300x297.jpg 300w, http:\/\/www.musicosalimonda.com.br\/wp-content\/uploads\/2014\/08\/digitalizar0001-1-1024x1016.jpg 1024w, http:\/\/www.musicosalimonda.com.br\/wp-content\/uploads\/2014\/08\/digitalizar0001-1.jpg 1110w\" sizes=\"(max-width: 150px) 100vw, 150px\" \/><\/a>\n\t\t\t<\/dt>\n\t\t\t\t<dd class='wp-caption-text gallery-caption' id='gallery-1-744'>\n\t\t\t\tConcurso Nordestino de Piano Jos\u00e9 Paulo Alimonda -Julho 1985\n\t\t\t\t<\/dd><\/dl><dl class='gallery-item'>\n\t\t\t<dt class='gallery-icon portrait'>\n\t\t\t\t<a href='http:\/\/www.musicosalimonda.com.br\/wp-content\/uploads\/2014\/01\/I-Concurso-Nordestino-de-Piano-Jos\u00e9-Paulo-Alimonda-Julho-1985-3.jpg'><img width=\"150\" height=\"150\" src=\"http:\/\/www.musicosalimonda.com.br\/wp-content\/uploads\/2014\/01\/I-Concurso-Nordestino-de-Piano-Jos\u00e9-Paulo-Alimonda-Julho-1985-3-150x150.jpg\" class=\"attachment-thumbnail size-thumbnail\" alt=\"\" decoding=\"async\" loading=\"lazy\" aria-describedby=\"gallery-1-766\" \/><\/a>\n\t\t\t<\/dt>\n\t\t\t\t<dd class='wp-caption-text gallery-caption' id='gallery-1-766'>\n\t\t\t\tConcurso Nordestino de Piano Jos\u00e9 Paulo Alimonda &#8211; Julho 1985\n\t\t\t\t<\/dd><\/dl><dl class='gallery-item'>\n\t\t\t<dt class='gallery-icon portrait'>\n\t\t\t\t<a href='http:\/\/www.musicosalimonda.com.br\/wp-content\/uploads\/2014\/08\/I-Concurso-Nordestino-de-Piano-Jos\u00e9-Paulo-Alimonda-Julho-1985-2.jpg'><img width=\"150\" height=\"150\" src=\"http:\/\/www.musicosalimonda.com.br\/wp-content\/uploads\/2014\/08\/I-Concurso-Nordestino-de-Piano-Jos\u00e9-Paulo-Alimonda-Julho-1985-2-150x150.jpg\" class=\"attachment-thumbnail size-thumbnail\" alt=\"\" decoding=\"async\" loading=\"lazy\" aria-describedby=\"gallery-1-764\" srcset=\"http:\/\/www.musicosalimonda.com.br\/wp-content\/uploads\/2014\/08\/I-Concurso-Nordestino-de-Piano-Jos\u00e9-Paulo-Alimonda-Julho-1985-2-150x150.jpg 150w, http:\/\/www.musicosalimonda.com.br\/wp-content\/uploads\/2014\/08\/I-Concurso-Nordestino-de-Piano-Jos\u00e9-Paulo-Alimonda-Julho-1985-2-298x300.jpg 298w, http:\/\/www.musicosalimonda.com.br\/wp-content\/uploads\/2014\/08\/I-Concurso-Nordestino-de-Piano-Jos\u00e9-Paulo-Alimonda-Julho-1985-2-1018x1024.jpg 1018w, http:\/\/www.musicosalimonda.com.br\/wp-content\/uploads\/2014\/08\/I-Concurso-Nordestino-de-Piano-Jos\u00e9-Paulo-Alimonda-Julho-1985-2.jpg 1109w\" sizes=\"(max-width: 150px) 100vw, 150px\" \/><\/a>\n\t\t\t<\/dt>\n\t\t\t\t<dd class='wp-caption-text gallery-caption' id='gallery-1-764'>\n\t\t\t\tConcurso Nordestino de Piano Jos\u00e9 Paulo Alimonda &#8211; Julho 1985\n\t\t\t\t<\/dd><\/dl><br style=\"clear: both\" \/><dl class='gallery-item'>\n\t\t\t<dt class='gallery-icon portrait'>\n\t\t\t\t<a href='http:\/\/www.musicosalimonda.com.br\/wp-content\/uploads\/2014\/08\/I-Concurso-Nordestino-de-Piano-Jos\u00e9-Paulo-Alimonda-Julho-1985-1.jpg'><img width=\"150\" height=\"150\" src=\"http:\/\/www.musicosalimonda.com.br\/wp-content\/uploads\/2014\/08\/I-Concurso-Nordestino-de-Piano-Jos\u00e9-Paulo-Alimonda-Julho-1985-1-150x150.jpg\" class=\"attachment-thumbnail size-thumbnail\" alt=\"\" decoding=\"async\" loading=\"lazy\" aria-describedby=\"gallery-1-740\" srcset=\"http:\/\/www.musicosalimonda.com.br\/wp-content\/uploads\/2014\/08\/I-Concurso-Nordestino-de-Piano-Jos\u00e9-Paulo-Alimonda-Julho-1985-1-150x150.jpg 150w, http:\/\/www.musicosalimonda.com.br\/wp-content\/uploads\/2014\/08\/I-Concurso-Nordestino-de-Piano-Jos\u00e9-Paulo-Alimonda-Julho-1985-1-298x300.jpg 298w, http:\/\/www.musicosalimonda.com.br\/wp-content\/uploads\/2014\/08\/I-Concurso-Nordestino-de-Piano-Jos\u00e9-Paulo-Alimonda-Julho-1985-1-1019x1024.jpg 1019w, http:\/\/www.musicosalimonda.com.br\/wp-content\/uploads\/2014\/08\/I-Concurso-Nordestino-de-Piano-Jos\u00e9-Paulo-Alimonda-Julho-1985-1.jpg 1107w\" sizes=\"(max-width: 150px) 100vw, 150px\" \/><\/a>\n\t\t\t<\/dt>\n\t\t\t\t<dd class='wp-caption-text gallery-caption' id='gallery-1-740'>\n\t\t\t\tConcurso Nordestino de Piano Jos\u00e9 Paulo Alimonda &#8211; Julho 1985\n\t\t\t\t<\/dd><\/dl><dl class='gallery-item'>\n\t\t\t<dt class='gallery-icon landscape'>\n\t\t\t\t<a href='http:\/\/www.musicosalimonda.com.br\/wp-content\/uploads\/2014\/05\/digitalizar00051.jpg'><img width=\"150\" height=\"150\" src=\"http:\/\/www.musicosalimonda.com.br\/wp-content\/uploads\/2014\/05\/digitalizar00051-150x150.jpg\" class=\"attachment-thumbnail size-thumbnail\" alt=\"\" decoding=\"async\" loading=\"lazy\" aria-describedby=\"gallery-1-771\" \/><\/a>\n\t\t\t<\/dt>\n\t\t\t\t<dd class='wp-caption-text gallery-caption' id='gallery-1-771'>\n\t\t\t\t Concurso Nordestino de Piano Jos\u00e9 Paulo Alimonda\n\t\t\t\t<\/dd><\/dl>\n\t\t\t<br style='clear: both' \/>\n\t\t<\/div>\n\n<p><![if !IE]><iframe loading=\"lazy\" src=\"http:\/\/docs.google.com\/viewer?url=http%3A%2F%2Fwww.musicosalimonda.com.br%2Fwp-content%2Fuploads%2F2014%2F09%2FAgostinho-Cant%C3%BA.pdf&amp;embedded=true\" class=\"pdf\" frameborder=\"0\" style=\"height:750px;width:500px;border:0\" width=\"500\" height=\"750\"><\/iframe><![endif]><!--[if IE]><object width=\"500\" height=\"750\" type=\"application\/pdf\" data=\"http:\/\/www.musicosalimonda.com.br\/wp-content\/uploads\/2014\/09\/Agostinho-Cant\u00fa.pdf\" class=\"pdf ie\">\n \n<div style=\"width:500;height:750;text-align:center;background:#fff;color:#000;margin:0;border:0;padding:0\">Unable to display PDF<br \/><a href=\"http:\/\/www.musicosalimonda.com.br\/wp-content\/uploads\/2014\/09\/Agostinho-Cant\u00fa.pdf\">Click here to download<\/a><\/div>\n \n<\/object><![endif]--><\/p>\n","protected":false},"excerpt":{"rendered":"<p>M\u00fasicos Alimonda<\/p>\n","protected":false},"author":1,"featured_media":0,"parent":2,"menu_order":0,"comment_status":"closed","ping_status":"closed","template":"","meta":[],"_links":{"self":[{"href":"http:\/\/www.musicosalimonda.com.br\/index.php?rest_route=\/wp\/v2\/pages\/485"}],"collection":[{"href":"http:\/\/www.musicosalimonda.com.br\/index.php?rest_route=\/wp\/v2\/pages"}],"about":[{"href":"http:\/\/www.musicosalimonda.com.br\/index.php?rest_route=\/wp\/v2\/types\/page"}],"author":[{"embeddable":true,"href":"http:\/\/www.musicosalimonda.com.br\/index.php?rest_route=\/wp\/v2\/users\/1"}],"replies":[{"embeddable":true,"href":"http:\/\/www.musicosalimonda.com.br\/index.php?rest_route=%2Fwp%2Fv2%2Fcomments&post=485"}],"version-history":[{"count":11,"href":"http:\/\/www.musicosalimonda.com.br\/index.php?rest_route=\/wp\/v2\/pages\/485\/revisions"}],"predecessor-version":[{"id":823,"href":"http:\/\/www.musicosalimonda.com.br\/index.php?rest_route=\/wp\/v2\/pages\/485\/revisions\/823"}],"up":[{"embeddable":true,"href":"http:\/\/www.musicosalimonda.com.br\/index.php?rest_route=\/wp\/v2\/pages\/2"}],"wp:attachment":[{"href":"http:\/\/www.musicosalimonda.com.br\/index.php?rest_route=%2Fwp%2Fv2%2Fmedia&parent=485"}],"curies":[{"name":"wp","href":"https:\/\/api.w.org\/{rel}","templated":true}]}}