{"id":482,"date":"2014-06-18T11:59:17","date_gmt":"2014-06-18T11:59:17","guid":{"rendered":"http:\/\/www.musicosalimonda.com.br\/?page_id=482"},"modified":"2014-08-13T12:36:22","modified_gmt":"2014-08-13T12:36:22","slug":"ada-alimonda","status":"publish","type":"page","link":"http:\/\/www.musicosalimonda.com.br\/?page_id=482","title":{"rendered":"ADA ALIMONDA"},"content":{"rendered":"<h2>\n<a href=\"http:\/\/www.musicosalimonda.com.br\/wp-content\/uploads\/2014\/08\/ada.jpg\"><img decoding=\"async\" loading=\"lazy\" class=\"alignright wp-image-750 size-thumbnail\" src=\"http:\/\/www.musicosalimonda.com.br\/wp-content\/uploads\/2014\/08\/ada-150x150.jpg\" alt=\"ada\" width=\"150\" height=\"150\" \/><\/a><\/h2>\n<p>&nbsp;<\/p>\n<h3 style=\"text-align: justify;\">Ada Alimonda nasceu na cidade de Araraquara (Est. De S. Paulo) em 14 de janeiro de 1915.<\/h3>\n<h3 style=\"text-align: justify;\">Oriunda de uma tradicional fam\u00edlia de musicistas, \u00a0iniciou seus estudos de piano sob a orienta\u00e7\u00e3o materna e mais tarde diplomou-se pelo Conservat\u00f3rio Dram\u00e1tico e Musical de S\u00e3o Paulo, aperfei\u00e7oando-se com o Prof. Agostinho Cantu.<\/h3>\n<h3 style=\"text-align: justify;\">Casou-se\u00a0 com o industrial Jos\u00e9 Paulo Alimonda em Recife e anos ap\u00f3s, retomou seus estudos de piano sob a orienta\u00e7\u00e3o do maestro Waldemar de Almeida, tio do pianista Oriano de Almeida e pai do maestro e violinista Cussy de Almeida.<\/h3>\n<h3 style=\"text-align: justify;\">Formou um duo pian\u00edstico com Jairo Aquino, que posteriormente foi diretor do Conservat\u00f3rio Pernambucano de M\u00fasica. Juntos deram v\u00e1rios receitais em beneficio de creches de crian\u00e7as abandonadas. Fizeram apresenta\u00e7\u00f5es em Recife,Macei\u00f3, Jo\u00e3o Pessoa e Natal.<\/h3>\n<h3 style=\"text-align: justify;\">Foi grande incentivadora da musica em Pernambuco. Patrocinou v\u00e1rios concursos, sendo o mais importante o Concurso Jos\u00e9 Paulo Alimonda, cujo vencedor foi o hoje consagrado pianista baiano Ricardo Castro.<\/h3>\n<h3 style=\"text-align: justify;\">A dedica\u00e7\u00e3o \u00e0 m\u00fasica e \u00e0 filantropia tamb\u00e9m encontraram espa\u00e7o no seu vasto mundo de afazeres dom\u00e9sticos, levando-a a participar ativamente da funda\u00e7\u00e3o e atividades da \u201cSociedade Pernambucana de Combate ao C\u00e2ncer\u201d, bem como \u00e0 coordena\u00e7\u00e3o dos programas culturais do Consulado Da Holanda.<\/h3>\n<h3 style=\"text-align: justify;\">Tamb\u00e9m era s\u00f3cia do Women`s Club.<\/h3>\n<h3 style=\"text-align: justify;\">Ada Alimonda veio a falecer em 3 de Dezembro de 1996.<\/h3>\n","protected":false},"excerpt":{"rendered":"<p>&nbsp; Ada Alimonda nasceu na cidade de Araraquara (Est. De S. Paulo) em 14 de janeiro de 1915. Oriunda de uma tradicional fam\u00edlia de musicistas, \u00a0iniciou seus estudos de piano sob a orienta\u00e7\u00e3o materna e mais tarde diplomou-se pelo Conservat\u00f3rio Dram\u00e1tico e Musical de S\u00e3o Paulo, aperfei\u00e7oando-se com o Prof. Agostinho Cantu. Casou-se\u00a0 com o industrial Jos\u00e9 Paulo Alimonda em &hellip; <a class=\"meta-nav\" href=\"http:\/\/www.musicosalimonda.com.br\/?page_id=482\">Continue reading &rarr;<\/a><\/p>\n","protected":false},"author":1,"featured_media":0,"parent":0,"menu_order":0,"comment_status":"closed","ping_status":"closed","template":"","meta":[],"_links":{"self":[{"href":"http:\/\/www.musicosalimonda.com.br\/index.php?rest_route=\/wp\/v2\/pages\/482"}],"collection":[{"href":"http:\/\/www.musicosalimonda.com.br\/index.php?rest_route=\/wp\/v2\/pages"}],"about":[{"href":"http:\/\/www.musicosalimonda.com.br\/index.php?rest_route=\/wp\/v2\/types\/page"}],"author":[{"embeddable":true,"href":"http:\/\/www.musicosalimonda.com.br\/index.php?rest_route=\/wp\/v2\/users\/1"}],"replies":[{"embeddable":true,"href":"http:\/\/www.musicosalimonda.com.br\/index.php?rest_route=%2Fwp%2Fv2%2Fcomments&post=482"}],"version-history":[{"count":4,"href":"http:\/\/www.musicosalimonda.com.br\/index.php?rest_route=\/wp\/v2\/pages\/482\/revisions"}],"predecessor-version":[{"id":770,"href":"http:\/\/www.musicosalimonda.com.br\/index.php?rest_route=\/wp\/v2\/pages\/482\/revisions\/770"}],"wp:attachment":[{"href":"http:\/\/www.musicosalimonda.com.br\/index.php?rest_route=%2Fwp%2Fv2%2Fmedia&parent=482"}],"curies":[{"name":"wp","href":"https:\/\/api.w.org\/{rel}","templated":true}]}}