{"id":1009,"date":"2022-12-07T21:37:16","date_gmt":"2022-12-07T23:37:16","guid":{"rendered":"http:\/\/www.musicosalimonda.com.br\/?page_id=1009"},"modified":"2022-12-07T21:41:30","modified_gmt":"2022-12-07T23:41:30","slug":"centenario-de-nascimento-de-heitor-alimonda","status":"publish","type":"page","link":"http:\/\/www.musicosalimonda.com.br\/?page_id=1009","title":{"rendered":"Centen\u00e1rio de nascimento de Heitor Alimonda"},"content":{"rendered":"\n<p>Heitor Alimonda completaria 100 anos em oito de dezembro de 2022. No entanto, sua passagem em 2002, v\u00edtima de c\u00e2ncer, deixa a todos da fam\u00edlia, amigos e colegas de profiss\u00e3o, enfim, toda a comunidade com saudades e boas lembran\u00e7as do legado do Professor Alimonda para o ensino do piano no Brasil e sobre a m\u00fasica cl\u00e1ssica brasileira. Sempre irreverente e simp\u00e1tico deixou um legado imenso para o piano cl\u00e1ssico no Brasil e tem um lugar cativo quando o assunto \u00e9 estudo e ensino de piano na Escola de M\u00fasica da UFRJ.<\/p>\n\n\n\n<p>Al\u00e9m da sua grande carreira como solista em concertos mundo a fora, Heitor Alimonda tamb\u00e9m foi contemplado como cidad\u00e3o honor\u00e1rio de algumas cidades dos EUA e at\u00e9 do Brasil, foi carinhosamente condecorado cidad\u00e3o carioca por levar a m\u00fasica cl\u00e1ssica brasileira por onde fosse. Veja detalhes dessas passagens, <a rel=\"noreferrer noopener\" aria-label=\"aqui (abre numa nova aba)\" href=\"http:\/\/www.musicosalimonda.com.br\/?page_id=587\" target=\"_blank\">aqui<\/a>. <\/p>\n\n\n\n<p>Araraquarense de nascimento, Heitor passou a maior parte de sua vida morando no Rio de Janeiro, onde construiu sua fam\u00edlia e fez parte do quadro de magistrado da Escola de M\u00fasica da UFRJ (tamb\u00e9m sua casa) desde 1953, passando por diversos cargos. O posto de professor titular de piano funcionava em paralelo com a carreira intensa de concertista e como um grande expoente da m\u00fasica de c\u00e2mara brasileira, da sua gera\u00e7\u00e3o. Heitor criou os grupos Sexteto do Rio e Ars Barroca, onde foi pianista e cravista respectivamente. Ambos os grupos foram de grande sucesso na d\u00e9cada de 1970, premiados e considerados grandes divulgadores da m\u00fasica cl\u00e1ssica brasileira \u00e0 \u00e9poca.<\/p>\n\n\n\n<figure class=\"wp-block-embed-youtube wp-block-embed is-type-video is-provider-youtube wp-embed-aspect-4-3 wp-has-aspect-ratio\"><div class=\"wp-block-embed__wrapper\">\n<iframe loading=\"lazy\" title=\"Francisco Mignone - Sexteto n\u00ba 2 - 1970 - Sexteto do Rio.\" width=\"500\" height=\"375\" src=\"https:\/\/www.youtube.com\/embed\/SxH7uVuJ6Ts?feature=oembed\" frameborder=\"0\" allow=\"accelerometer; autoplay; clipboard-write; encrypted-media; gyroscope; picture-in-picture\" allowfullscreen><\/iframe>\n<\/div><figcaption>O Sexteto do Rio,  criado em 1969, teve v\u00e1rias obras de autores brasileiros escritas especialmente para o grupo. Foi considerado o melhor conjunto de c\u00e2mara nos anos 70. Integrantes: Celso Woltzenlogel, na flauta;&nbsp; Paolo Nardi e Kleber Veiga, obo\u00e9s,&nbsp; Jos\u00e9 Cardoso Botelho, clarineta, Noel Devos, fagote, Zdenek Svab, trompa e <strong>Heitor Alimonda, ao pian<\/strong>o<br \/><strong>.<\/strong><br \/><br \/><\/figcaption><\/figure>\n\n\n\n<figure class=\"wp-block-embed-youtube wp-block-embed is-type-video is-provider-youtube wp-embed-aspect-4-3 wp-has-aspect-ratio\"><div class=\"wp-block-embed__wrapper\">\n<iframe loading=\"lazy\" title=\"Ars Barroca - Leclair_0001.wmv\" width=\"500\" height=\"375\" src=\"https:\/\/www.youtube.com\/embed\/OZoDdXgutuA?feature=oembed\" frameborder=\"0\" allow=\"accelerometer; autoplay; clipboard-write; encrypted-media; gyroscope; picture-in-picture\" allowfullscreen><\/iframe>\n<\/div><figcaption>Ars Barroca foi o grupo onde Heitor Alimonda era cravista. <strong>ARS BARROCA&nbsp;<\/strong>fez grande sucesso em todo o Brasil nos anos 70 e contava com os seguintes m\u00fasicos: Celso Woltzenlogel, na flauta; Paolo Nardi, obo\u00e9, Antonio Guerra-Vicente, Violoncelo, Noel Devos, fagote e <strong>Heitor Alimonda, no cravo<\/strong>.<\/figcaption><\/figure>\n\n\n\n<p>Outras obras compostas e\/ou interpretadas por Heitor Alimonda podem ser apreciadas neste <a href=\"http:\/\/www.musicosalimonda.com.br\/?page_id=152\">link aqui<\/a>.<\/p>\n\n\n\n<figure class=\"wp-block-embed-youtube wp-block-embed is-type-video is-provider-youtube wp-embed-aspect-16-9 wp-has-aspect-ratio\"><div class=\"wp-block-embed__wrapper\">\n<iframe loading=\"lazy\" title=\"Centen\u00e1rio de Heitor Alimonda | Homenagem da AEXPEM\" width=\"500\" height=\"281\" src=\"https:\/\/www.youtube.com\/embed\/UpIR8NEnZC4?feature=oembed\" frameborder=\"0\" allow=\"accelerometer; autoplay; clipboard-write; encrypted-media; gyroscope; picture-in-picture\" allowfullscreen><\/iframe>\n<\/div><\/figure>\n\n\n\n<h2>Concerto em homenagem ao centen\u00e1rio de Heitor Alimonda pela AEXPEM<\/h2>\n\n\n\n<ul class=\"is-layout-flex wp-block-gallery-1 wp-block-gallery aligncenter columns-1 is-cropped\"><li class=\"blocks-gallery-item\"><figure><img decoding=\"async\" loading=\"lazy\" width=\"724\" height=\"1024\" src=\"http:\/\/www.musicosalimonda.com.br\/wp-content\/uploads\/2022\/12\/IMG-20221001-WA0030-724x1024.jpg\" alt=\"\" data-id=\"1011\" data-link=\"http:\/\/www.musicosalimonda.com.br\/?attachment_id=1011\" class=\"wp-image-1011\" srcset=\"http:\/\/www.musicosalimonda.com.br\/wp-content\/uploads\/2022\/12\/IMG-20221001-WA0030-724x1024.jpg 724w, http:\/\/www.musicosalimonda.com.br\/wp-content\/uploads\/2022\/12\/IMG-20221001-WA0030-212x300.jpg 212w, http:\/\/www.musicosalimonda.com.br\/wp-content\/uploads\/2022\/12\/IMG-20221001-WA0030-768x1087.jpg 768w, http:\/\/www.musicosalimonda.com.br\/wp-content\/uploads\/2022\/12\/IMG-20221001-WA0030.jpg 793w\" sizes=\"(max-width: 724px) 100vw, 724px\" \/><\/figure><\/li><\/ul>\n\n\n\n<p>O concerto organizado pela AEXPEM (Associa\u00e7\u00e3o de ex-professores da Escola de M\u00fasica da UFRJ), em homenagem ao centen\u00e1rio de Heitor Alimonda, aconteceu no dia 27 de outubro de 2022, no audit\u00f3rio da Academia Lorenzo Fernandes, na Lapa, Rio de Janeiro, bairro que foi a casa de Heitor por muitos anos. O concerto teve apresenta\u00e7\u00e3o dos pianistas Cec\u00edlia Pessini e S\u00e9rgio Andr\u00e9, ambos ex-alunos do Professor Alimonda.<\/p>\n\n\n\n<p>Al\u00e9m de composi\u00e7\u00f5es do Alimonda, os pianistas tocaram obras de amigos e \u00eddolos do grande pianista. O programa do concerto incluiu as composi\u00e7\u00f5es Estudo 10 &#8211; Andante e Tr\u00eas Brincadeiras (Dedicadas a Jo\u00e3o Carlos Martins) de Heitor Alimonda. Al\u00e9m destas, Cec\u00edlia Pessini tocou Intermezzo opu 118 n\u00ba 2 e n\u00ba 6, de Brahms, e Reflets dans l&#8217;eau e L&#8217;isle Joyeuse de Claude Debussy, compositor muito estudado por Heitor Alimonda, sobre o qual sabia detalhes da forma com que tocava.<\/p>\n\n\n\n<figure class=\"wp-block-embed-youtube wp-block-embed is-type-video is-provider-youtube wp-embed-aspect-16-9 wp-has-aspect-ratio\"><div class=\"wp-block-embed__wrapper\">\n<iframe loading=\"lazy\" title=\"Cec\u00edlia Pessini homenageia Heitor Alimonda\" width=\"500\" height=\"281\" src=\"https:\/\/www.youtube.com\/embed\/5G8SqljUrDo?feature=oembed\" frameborder=\"0\" allow=\"accelerometer; autoplay; clipboard-write; encrypted-media; gyroscope; picture-in-picture\" allowfullscreen><\/iframe>\n<\/div><\/figure>\n\n\n\n<p>S\u00e9rgio T. Andr\u00e9, tamb\u00e9m ex-aluno de doutorado de Heitor Alimonda, tocou obras do grande amigo e parceiro musical de Alimonda, Claudio Santoro, Sonata n\u00ba4, Allegro Decciso, Andante e Alegro Molto, al\u00e9m de Pr\u00e9lude et Noturne Op. 9 pour la main gauche, de A. Seriabin, e Tr\u00eas Brincadeiras de Heitor Alimonda. <\/p>\n\n\n\n<figure class=\"wp-block-embed-youtube wp-block-embed is-type-video is-provider-youtube wp-embed-aspect-16-9 wp-has-aspect-ratio\"><div class=\"wp-block-embed__wrapper\">\n<iframe loading=\"lazy\" title=\"S\u00e9rgio Andr\u00e9 homenageia Heitor Alimonda no concerto em homenagem ao seu centen\u00e1rio\" width=\"500\" height=\"281\" src=\"https:\/\/www.youtube.com\/embed\/XZZ4xHABGRk?feature=oembed\" frameborder=\"0\" allow=\"accelerometer; autoplay; clipboard-write; encrypted-media; gyroscope; picture-in-picture\" allowfullscreen><\/iframe>\n<\/div><\/figure>\n\n\n\n<p>S\u00e9rgio Andr\u00e9 comentou sobre como o Professor Alimonda o incentivou a tocar com apenas uma das m\u00e3os, como havia  se machucado. E esta era a t\u00f4nica das aulas de Heitor Alimonda, sempre incentivando seus alunos a tocarem e se apresentarem em recitais, concertos e festivais, dando o melhor de si e quebrando os desafios. Ele incentivava o estudo profundo do piano por todos os seus alunos, al\u00e9m do amor por tocar.<\/p>\n\n\n\n<p>Talvez esta caracter\u00edstica possa ter lhe levado a fazer uma de suas grandes obras, &#8220;O estudo do piano: elementos fundamentais da m\u00fasica e da t\u00e9cnica de piano em dez cadernos&#8221;, dando um tom brasileiro \u00e0 forma de se estudar e lecionar piano cl\u00e1ssico por aqui, trazida da Europa.<\/p>\n\n\n\n<blockquote class=\"wp-block-quote\"><p> A lembran\u00e7a que eu tenho do professor Heitor Alimonda, ali\u00e1s, muito viva, \u00e9 de uma pessoa totalmente dedicada \u00e0 m\u00fasica.<br \/> &nbsp;<br \/> A meu ver, a grande paix\u00e3o da vida dele foi a m\u00fasica, a\u00ed incluindo a nossa querida Escola de M\u00fasica da UFRJ onde, al\u00e9m de professor, ele foi vice-diretor. Freq\u00fcentava diariamente a Escola, de manh\u00e3 e de tarde e, muitas vezes, ia tamb\u00e9m, nos finais de semana.<br \/> &nbsp;<br \/> Adorava tocar, estudar, lecionar, participar da vida acad\u00eamica, ler sobre os mais diversos assuntos e pesquisar sobre a m\u00fasica, o piano, e a vida e obra dos grandes m\u00fasicos. Isso fez com que ele possu\u00edsse vast\u00edssima cultura geral, al\u00e9m da musical, e dominasse enorme repert\u00f3rio, que inclu\u00eda do Barroco ao Contempor\u00e2neo.<br \/> &nbsp;<br \/> Al\u00e9m do piano, ele tamb\u00e9m tocava cravo e compunha. Escreveu diversas obras para piano, destacando-se a sua s\u00e9rie de 10 CADERNOS de ESTUDOS, pela qual ele nutria especial apre\u00e7o. Esses 10 \u00e1lbuns, em abordagem muito diferente da usual, abrangem desde o primeiro momento da coloca\u00e7\u00e3o da m\u00e3o no instrumento, at\u00e9 uma t\u00e9cnica bastante desenvolvida no \u00faltimo volume, cujos tr\u00eas \u00faltimos Estudos tive a honra de gravar em LP, com o apoio e incentivo dele.<br \/> &nbsp;<br \/> Ali\u00e1s, devo tamb\u00e9m a ele o privil\u00e9gio de ter gravado os Concertos de BACH para tr\u00eas e quatro pianos, em CD patrocinado pela Funda\u00e7\u00e3o Universit\u00e1ria Jos\u00e9 Bonif\u00e1cio. Este CD, lan\u00e7ado em 2000, comemorou o Jubileu de Prata da Funda\u00e7\u00e3o e os 250 anos de falecimento de BACH. Inclui o Concerto em D\u00f3 maior para 2 pianos e Orquestra, que ele tocou com a professora Esther Naiberger, o Concerto para 3 pianos, em r\u00e9 menor, que ele tocou comigo e com a pianista Sonia Maria Vieira, e o Concerto para 4 pianos, em l\u00e1 menor, do qual participamos os 4: o professor Alimonda, dona Esther, Sonia e eu, sob a reg\u00eancia do maestro Henrique Morelenbaum.<br \/> &nbsp;<br \/> O professor Alimonda foi respons\u00e1vel pela primeira audi\u00e7\u00e3o de in\u00fameras obras brasileiras em Bienais de M\u00fasica Contempor\u00e2nea e nos Panoramas da M\u00fasica Brasileira Atual. Dessas pe\u00e7as, muitas foram a ele dedicadas.<br \/> &nbsp;<br \/> M\u00fasico incans\u00e1vel, sempre aliou a atividade de recitalista brilhante \u00e0 de professor, formando v\u00e1rias gera\u00e7\u00f5es de pianistas.<br \/> &nbsp;<br \/> Acho que ele faz muita falta no cen\u00e1rio musical brasileiro por tudo que ele passava de conhecimento musical e, sobretudo, de AMOR pela m\u00fasica.  <\/p><cite>Maria Helena de Andrade &#8211; Presidente da AEXPEM e amiga de Heitor Alimonda<\/cite><\/blockquote>\n\n\n\n<p>Outro grande amigo, pianista, professor de piano e ex-aluno do Alimonda, Paulo Peloso, esteve na homenagem e fez a introdu\u00e7\u00e3o ao concerto, e contando sobre a import\u00e2ncia de Heitor Alimonda para a m\u00fasica cl\u00e1ssica brasileira. <\/p>\n\n\n\n<figure class=\"wp-block-embed-youtube wp-block-embed is-type-video is-provider-youtube wp-embed-aspect-16-9 wp-has-aspect-ratio\"><div class=\"wp-block-embed__wrapper\">\n<iframe loading=\"lazy\" title=\"Paulo Peloso faz os coment\u00e1rios iniciais na homenagem ao centen\u00e1rio de Heitor Alimonda\" width=\"500\" height=\"281\" src=\"https:\/\/www.youtube.com\/embed\/UkYson26gWM?feature=oembed\" frameborder=\"0\" allow=\"accelerometer; autoplay; clipboard-write; encrypted-media; gyroscope; picture-in-picture\" allowfullscreen><\/iframe>\n<\/div><\/figure>\n\n\n\n<p>O carisma e humor de Heitor Alimonda tamb\u00e9m foram lembrados na homenagem realizada pela AEXPEM e, com certeza ficar\u00e3o na sua hist\u00f3ria por mais s\u00e9culos. Todos que conheceram o Alimonda, seja na Escola de M\u00fasica, no Leblon, Copacabana, S\u00e3o Conrado ou na Lapa foram marcados pela boa energia e simpatia do Professor Alimonda. Al\u00e9m do piano e do cravo, Alimonda tinha hobbies como o desenho, a pintura, a culin\u00e1ria e a magia.<\/p>\n\n\n\n<blockquote class=\"wp-block-quote\"><p>Heitor, al\u00e9m de meu tio e padrinho , foi um grande amigo na \u00e9poca em que moramos no Rio, de 1967 a 1980. Num dos anivers\u00e1rios da nossa filha Maria, ele se prop\u00f4s a fazer m\u00e1gicas para a crian\u00e7ada pois era o seu hobby. Sempre ser\u00e1 lembrado com saudades .Robert e Elisa.<br \/><\/p><cite>Robert e Elisa Haller<\/cite><\/blockquote>\n\n\n\n<p>N\u00e3o \u00e0 toa, Heitor Alimonda sempre reuniu grandes pessoas em torno de si, pela m\u00fasica, pelas li\u00e7\u00f5es de piano ou para um bom papo. De Tom Jobim a Claudio Santoro, de Arnaldo Cohen a Jos\u00e9 Leit\u00e3o (fot\u00f3grafo oficial da Escola de M\u00fasica da UFRJ), todos eram parceiros de Heitor Alimonda e realizavam juntos.<\/p>\n\n\n\n<blockquote class=\"wp-block-quote\"><p>Gostaria de expressar um milh\u00e3o de palavras, infinitos elogios ao mestre, compositor e grande pianista que foi o nosso tio Heitor Alimonda, mas hoje me sinto \u00e0 vontade para recordar com saudades o seu carisma e humor que encheu de alegria nossa inf\u00e2ncia e juventude quando h\u00f3spede na casa de meus pais. Foram momentos que jamais esqueceremos, uma liberdade para n\u00f3s desconhecida. <br \/>Sinto o seu dedilhar no teclado do piano de mam\u00e3e, deixo-me embalar na saudade de uma \u00e9poca que ficou para sempre.<br \/> Nosso Tio Heitor \u00e9 imortal!<\/p><cite>Ada Maria, sobrinha de Heitor Alimonda e filha de Ada Alimonda<\/cite><\/blockquote>\n\n\n\n<div class=\"wp-block-image\"><figure class=\"aligncenter\"><img decoding=\"async\" loading=\"lazy\" width=\"332\" height=\"500\" src=\"http:\/\/www.musicosalimonda.com.br\/wp-content\/uploads\/2022\/12\/2012_20121126_1749119588.jpg\" alt=\"\" class=\"wp-image-1012\" srcset=\"http:\/\/www.musicosalimonda.com.br\/wp-content\/uploads\/2022\/12\/2012_20121126_1749119588.jpg 332w, http:\/\/www.musicosalimonda.com.br\/wp-content\/uploads\/2022\/12\/2012_20121126_1749119588-199x300.jpg 199w\" sizes=\"(max-width: 332px) 100vw, 332px\" \/><figcaption>Foto da homenagem feita a Heitor Alimonda pela Escola de M\u00fasica da UFRJ em 2012 &#8211; <a href=\"https:\/\/musica.ufrj.br\/component\/joomgallery\/homenagem-a-heitor-alimonda\/22112012-2886#joomimg\" target=\"_blank\" rel=\"noreferrer noopener\" aria-label=\"acesse (abre numa nova aba)\">acesse<\/a>.<\/figcaption><\/figure><\/div>\n\n\n\n<div class=\"wp-block-media-text alignwide\"><figure class=\"wp-block-media-text__media\"><img decoding=\"async\" loading=\"lazy\" width=\"664\" height=\"1024\" src=\"http:\/\/www.musicosalimonda.com.br\/wp-content\/uploads\/2022\/12\/eu-e-vovo-664x1024.jpg\" alt=\"\" class=\"wp-image-1015\" srcset=\"http:\/\/www.musicosalimonda.com.br\/wp-content\/uploads\/2022\/12\/eu-e-vovo-664x1024.jpg 664w, http:\/\/www.musicosalimonda.com.br\/wp-content\/uploads\/2022\/12\/eu-e-vovo-194x300.jpg 194w, http:\/\/www.musicosalimonda.com.br\/wp-content\/uploads\/2022\/12\/eu-e-vovo-768x1185.jpg 768w\" sizes=\"(max-width: 664px) 100vw, 664px\" \/><\/figure><div class=\"wp-block-media-text__content\">\n<p>Eu, Joanna Dem\u00e9trio Alimonda, sou a primeira de cinco netas do grande Heitor Alimonda. Foi uma honra ter escrito essa p\u00e1gina sobre um pouco da hist\u00f3ria do meu av\u00f4 e seu legado na m\u00fasica cl\u00e1ssica. Este grande homem, m\u00fasico e artista me apresentou a m\u00fasica cl\u00e1ssica, o piano e me levava nos eventos da Escola de M\u00fasica da UFRJ, \u00e0 Sala Cec\u00edlia Meireles, entre outros. Por tudo isso e por tudo o que vivemos juntos, sou grata.<\/p>\n<\/div><\/div>\n","protected":false},"excerpt":{"rendered":"<p>Heitor Alimonda completaria 100 anos em oito de dezembro de 2022. No entanto, sua passagem em 2002, v\u00edtima de c\u00e2ncer, deixa a todos da fam\u00edlia, amigos e colegas de profiss\u00e3o, enfim, toda a comunidade com saudades e boas lembran\u00e7as do legado do Professor Alimonda para o ensino do piano no Brasil e sobre a m\u00fasica cl\u00e1ssica brasileira. Sempre irreverente e &hellip; <a class=\"meta-nav\" href=\"http:\/\/www.musicosalimonda.com.br\/?page_id=1009\">Continue reading &rarr;<\/a><\/p>\n","protected":false},"author":2,"featured_media":0,"parent":0,"menu_order":0,"comment_status":"closed","ping_status":"closed","template":"","meta":[],"_links":{"self":[{"href":"http:\/\/www.musicosalimonda.com.br\/index.php?rest_route=\/wp\/v2\/pages\/1009"}],"collection":[{"href":"http:\/\/www.musicosalimonda.com.br\/index.php?rest_route=\/wp\/v2\/pages"}],"about":[{"href":"http:\/\/www.musicosalimonda.com.br\/index.php?rest_route=\/wp\/v2\/types\/page"}],"author":[{"embeddable":true,"href":"http:\/\/www.musicosalimonda.com.br\/index.php?rest_route=\/wp\/v2\/users\/2"}],"replies":[{"embeddable":true,"href":"http:\/\/www.musicosalimonda.com.br\/index.php?rest_route=%2Fwp%2Fv2%2Fcomments&post=1009"}],"version-history":[{"count":5,"href":"http:\/\/www.musicosalimonda.com.br\/index.php?rest_route=\/wp\/v2\/pages\/1009\/revisions"}],"predecessor-version":[{"id":1019,"href":"http:\/\/www.musicosalimonda.com.br\/index.php?rest_route=\/wp\/v2\/pages\/1009\/revisions\/1019"}],"wp:attachment":[{"href":"http:\/\/www.musicosalimonda.com.br\/index.php?rest_route=%2Fwp%2Fv2%2Fmedia&parent=1009"}],"curies":[{"name":"wp","href":"https:\/\/api.w.org\/{rel}","templated":true}]}}